{"id":28,"date":"2025-06-23T18:19:27","date_gmt":"2025-06-23T16:19:27","guid":{"rendered":"https:\/\/hotelvenatus.hu\/?page_id=28"},"modified":"2025-12-02T18:50:29","modified_gmt":"2025-12-02T17:50:29","slug":"foglalas","status":"publish","type":"page","link":"https:\/\/hotelvenatus.hu\/en\/foglalas\/","title":{"rendered":"Book Now"},"content":{"rendered":"<div data-elementor-type=\"wp-page\" data-elementor-id=\"28\" class=\"elementor elementor-28\" data-elementor-post-type=\"page\">\n\t\t\t\t\t\t<section class=\"elementor-section elementor-top-section elementor-element elementor-element-24cce38 elementor-section-content-middle elementor-section-boxed elementor-section-height-default elementor-section-height-default\" data-id=\"24cce38\" data-element_type=\"section\" data-e-type=\"section\" data-settings=\"{&quot;background_background&quot;:&quot;classic&quot;}\">\n\t\t\t\t\t\t\t<div class=\"elementor-background-overlay\"><\/div>\n\t\t\t\t\t\t\t<div class=\"elementor-container elementor-column-gap-default\">\n\t\t\t\t\t<div class=\"elementor-column elementor-col-50 elementor-top-column elementor-element elementor-element-9f6e0a0\" data-id=\"9f6e0a0\" data-element_type=\"column\" data-e-type=\"column\">\n\t\t\t<div class=\"elementor-widget-wrap elementor-element-populated\">\n\t\t\t\t\t\t<div class=\"elementor-element elementor-element-05a4937 e-transform elementor-widget elementor-widget-heading\" data-id=\"05a4937\" data-element_type=\"widget\" data-e-type=\"widget\" data-settings=\"{&quot;_transform_translateY_effect&quot;:{&quot;unit&quot;:&quot;px&quot;,&quot;size&quot;:96,&quot;sizes&quot;:[]},&quot;_transform_translateY_effect_mobile&quot;:{&quot;unit&quot;:&quot;px&quot;,&quot;size&quot;:128,&quot;sizes&quot;:[]},&quot;_transform_translateX_effect&quot;:{&quot;unit&quot;:&quot;px&quot;,&quot;size&quot;:&quot;&quot;,&quot;sizes&quot;:[]},&quot;_transform_translateX_effect_laptop&quot;:{&quot;unit&quot;:&quot;px&quot;,&quot;size&quot;:&quot;&quot;,&quot;sizes&quot;:[]},&quot;_transform_translateX_effect_tablet&quot;:{&quot;unit&quot;:&quot;px&quot;,&quot;size&quot;:&quot;&quot;,&quot;sizes&quot;:[]},&quot;_transform_translateX_effect_mobile&quot;:{&quot;unit&quot;:&quot;px&quot;,&quot;size&quot;:&quot;&quot;,&quot;sizes&quot;:[]},&quot;_transform_translateY_effect_laptop&quot;:{&quot;unit&quot;:&quot;px&quot;,&quot;size&quot;:&quot;&quot;,&quot;sizes&quot;:[]},&quot;_transform_translateY_effect_tablet&quot;:{&quot;unit&quot;:&quot;px&quot;,&quot;size&quot;:&quot;&quot;,&quot;sizes&quot;:[]}}\" data-widget_type=\"heading.default\">\n\t\t\t\t<div class=\"elementor-widget-container\">\n\t\t\t\t\t<h1 class=\"elementor-heading-title elementor-size-default\">Hotel Venatus<\/h1>\t\t\t\t<\/div>\n\t\t\t\t<\/div>\n\t\t\t\t<div class=\"elementor-element elementor-element-cd1f06a e-transform elementor-widget elementor-widget-text-editor\" data-id=\"cd1f06a\" data-element_type=\"widget\" data-e-type=\"widget\" data-settings=\"{&quot;_transform_translateY_effect&quot;:{&quot;unit&quot;:&quot;px&quot;,&quot;size&quot;:73,&quot;sizes&quot;:[]},&quot;_transform_translateY_effect_mobile&quot;:{&quot;unit&quot;:&quot;px&quot;,&quot;size&quot;:107,&quot;sizes&quot;:[]},&quot;_transform_translateX_effect&quot;:{&quot;unit&quot;:&quot;px&quot;,&quot;size&quot;:&quot;&quot;,&quot;sizes&quot;:[]},&quot;_transform_translateX_effect_laptop&quot;:{&quot;unit&quot;:&quot;px&quot;,&quot;size&quot;:&quot;&quot;,&quot;sizes&quot;:[]},&quot;_transform_translateX_effect_tablet&quot;:{&quot;unit&quot;:&quot;px&quot;,&quot;size&quot;:&quot;&quot;,&quot;sizes&quot;:[]},&quot;_transform_translateX_effect_mobile&quot;:{&quot;unit&quot;:&quot;px&quot;,&quot;size&quot;:&quot;&quot;,&quot;sizes&quot;:[]},&quot;_transform_translateY_effect_laptop&quot;:{&quot;unit&quot;:&quot;px&quot;,&quot;size&quot;:&quot;&quot;,&quot;sizes&quot;:[]},&quot;_transform_translateY_effect_tablet&quot;:{&quot;unit&quot;:&quot;px&quot;,&quot;size&quot;:&quot;&quot;,&quot;sizes&quot;:[]}}\" data-widget_type=\"text-editor.default\">\n\t\t\t\t<div class=\"elementor-widget-container\">\n\t\t\t\t\t\t\t\t\t<p>Whether you\u2019re visiting for business or leisure, you can always count on us \u2013 a welcoming atmosphere, comfortable rooms, and great value for your stay.<\/p>\t\t\t\t\t\t\t\t<\/div>\n\t\t\t\t<\/div>\n\t\t\t\t<div class=\"elementor-element elementor-element-e67ae42 e-transform elementor-widget elementor-widget-button\" data-id=\"e67ae42\" data-element_type=\"widget\" data-e-type=\"widget\" data-settings=\"{&quot;_transform_translateX_effect&quot;:{&quot;unit&quot;:&quot;px&quot;,&quot;size&quot;:4,&quot;sizes&quot;:[]},&quot;_transform_translateX_effect_laptop&quot;:{&quot;unit&quot;:&quot;px&quot;,&quot;size&quot;:-1,&quot;sizes&quot;:[]},&quot;_transform_translateX_effect_tablet&quot;:{&quot;unit&quot;:&quot;px&quot;,&quot;size&quot;:-3,&quot;sizes&quot;:[]},&quot;_transform_translateX_effect_mobile&quot;:{&quot;unit&quot;:&quot;px&quot;,&quot;size&quot;:-3,&quot;sizes&quot;:[]},&quot;_transform_translateY_effect&quot;:{&quot;unit&quot;:&quot;px&quot;,&quot;size&quot;:53,&quot;sizes&quot;:[]},&quot;_transform_translateY_effect_mobile&quot;:{&quot;unit&quot;:&quot;px&quot;,&quot;size&quot;:73,&quot;sizes&quot;:[]},&quot;_transform_translateY_effect_laptop&quot;:{&quot;unit&quot;:&quot;px&quot;,&quot;size&quot;:&quot;&quot;,&quot;sizes&quot;:[]},&quot;_transform_translateY_effect_tablet&quot;:{&quot;unit&quot;:&quot;px&quot;,&quot;size&quot;:&quot;&quot;,&quot;sizes&quot;:[]}}\" data-widget_type=\"button.default\">\n\t\t\t\t<div class=\"elementor-widget-container\">\n\t\t\t\t\t\t\t\t\t<div class=\"elementor-button-wrapper\">\n\t\t\t\t\t<a class=\"elementor-button elementor-button-link elementor-size-sm\" href=\"https:\/\/hotelvenatus.hu\/en\/foglalas\/\">\n\t\t\t\t\t\t<span class=\"elementor-button-content-wrapper\">\n\t\t\t\t\t\t<span class=\"elementor-button-icon\">\n\t\t\t\t<svg aria-hidden=\"true\" class=\"e-font-icon-svg e-fas-chevron-right\" viewbox=\"0 0 320 512\" xmlns=\"http:\/\/www.w3.org\/2000\/svg\"><path d=\"M285.476 272.971L91.132 467.314c-9.373 9.373-24.569 9.373-33.941 0l-22.667-22.667c-9.357-9.357-9.375-24.522-.04-33.901L188.505 256 34.484 101.255c-9.335-9.379-9.317-24.544.04-33.901l22.667-22.667c9.373-9.373 24.569-9.373 33.941 0L285.475 239.03c9.373 9.372 9.373 24.568.001 33.941z\"><\/path><\/svg>\t\t\t<\/span>\n\t\t\t\t\t\t\t\t\t<span class=\"elementor-button-text\">Book Now<\/span>\n\t\t\t\t\t<\/span>\n\t\t\t\t\t<\/a>\n\t\t\t\t<\/div>\n\t\t\t\t\t\t\t\t<\/div>\n\t\t\t\t<\/div>\n\t\t\t\t\t<\/div>\n\t\t<\/div>\n\t\t\t\t<div class=\"elementor-column elementor-col-50 elementor-top-column elementor-element elementor-element-91f470b elementor-hidden-mobile\" data-id=\"91f470b\" data-element_type=\"column\" data-e-type=\"column\">\n\t\t\t<div class=\"elementor-widget-wrap\">\n\t\t\t\t\t\t\t<\/div>\n\t\t<\/div>\n\t\t\t\t\t<\/div>\n\t\t<\/section>\n\t\t<div class=\"elementor-element elementor-element-b7aa1ed e-flex e-con-boxed e-con e-parent\" data-id=\"b7aa1ed\" data-element_type=\"container\" data-e-type=\"container\">\n\t\t\t\t\t<div class=\"e-con-inner\">\n\t\t\t\t<div class=\"elementor-element elementor-element-26177f3 elementor-widget__width-initial elementor-widget elementor-widget-heading\" data-id=\"26177f3\" data-element_type=\"widget\" data-e-type=\"widget\" data-widget_type=\"heading.default\">\n\t\t\t\t<div class=\"elementor-widget-container\">\n\t\t\t\t\t<h2 class=\"elementor-heading-title elementor-size-default\">Book Now<\/h2>\t\t\t\t<\/div>\n\t\t\t\t<\/div>\n\t\t\t\t<div class=\"elementor-element elementor-element-ac01027 elementor-widget__width-initial elementor-widget elementor-widget-text-editor\" data-id=\"ac01027\" data-element_type=\"widget\" data-e-type=\"widget\" data-widget_type=\"text-editor.default\">\n\t\t\t\t<div class=\"elementor-widget-container\">\n\t\t\t\t\t\t\t\t\t<p>Discover Your Relaxing Getaway with Us \u2013 Simple, Fast, and Online! Fill out the form below, and we will confirm your booking shortly.<\/p>\t\t\t\t\t\t\t\t<\/div>\n\t\t\t\t<\/div>\n\t\t\t\t<div class=\"elementor-element elementor-element-b783167 elementor-widget-tablet__width-inherit elementor-button-align-center elementor-widget__width-initial elementor-widget elementor-widget-form\" data-id=\"b783167\" data-element_type=\"widget\" data-e-type=\"widget\" data-settings=\"{&quot;step_next_label&quot;:&quot;K\\u00f6vetkez\\u0151&quot;,&quot;step_previous_label&quot;:&quot;El\\u0151z\\u0151&quot;,&quot;step_type&quot;:&quot;number_text&quot;,&quot;step_icon_shape&quot;:&quot;circle&quot;}\" data-widget_type=\"form.default\">\n\t\t\t\t<div class=\"elementor-widget-container\">\n\t\t\t\t\t\t\t<form class=\"elementor-form\" method=\"post\" name=\"\u00daj \u0171rlap\" aria-label=\"\u00daj \u0171rlap\" action=\"\">\n\t\t\t<input type=\"hidden\" name=\"post_id\" value=\"28\"\/>\n\t\t\t<input type=\"hidden\" name=\"form_id\" value=\"b783167\"\/>\n\t\t\t<input type=\"hidden\" name=\"referer_title\" value=\"Foglal\u00e1s - HotelVenatus.hu\" \/>\n\n\t\t\t\t\t\t\t<input type=\"hidden\" name=\"queried_id\" value=\"28\"\/>\n\t\t\t\n\t\t\t<div class=\"elementor-form-fields-wrapper elementor-labels-\">\n\t\t\t\t\t\t\t\t<div class=\"elementor-field-type-html elementor-field-group elementor-column elementor-field-group-field_ee1bf0a elementor-col-100\">\n\t\t\t\t\t<script type=\"text\/javascript\">\n  var bookingEngineConfig = {\n    id: '019ae00f-1d19-70a0-948b-19a9f2dea7eb',\n    lang: 'hu',\n    currency: 'HUF'\n  };\n  var a=document.createElement('script');a.src='https:\/\/booking.previo.app\/loader\/';document.head.appendChild(a);\n<\/script>\n<div id=\"previo-booking-engine\"><\/div>\n\t\t\t\t<\/div>\n\t\t\t\t\t\t\t\t<div class=\"elementor-field-group elementor-column elementor-field-type-submit elementor-col-100 e-form__buttons\">\n\t\t\t\t\t<button class=\"elementor-button elementor-size-xs\" type=\"submit\">\n\t\t\t\t\t\t<span class=\"elementor-button-content-wrapper\">\n\t\t\t\t\t\t\t\t\t\t\t\t\t\t\t<span class=\"elementor-button-icon\">\n\t\t\t\t\t\t\t\t\t<svg aria-hidden=\"true\" class=\"e-font-icon-svg e-far-bookmark\" viewbox=\"0 0 384 512\" xmlns=\"http:\/\/www.w3.org\/2000\/svg\"><path d=\"M336 0H48C21.49 0 0 21.49 0 48v464l192-112 192 112V48c0-26.51-21.49-48-48-48zm0 428.43l-144-84-144 84V54a6 6 0 0 1 6-6h276c3.314 0 6 2.683 6 5.996V428.43z\"><\/path><\/svg>\t\t\t\t\t\t\t\t\t\t\t\t\t\t\t\t\t\t\t<span class=\"elementor-screen-only\" data-no-translation=\"\" data-trp-gettext=\"\">Submit<\/span>\n\t\t\t\t\t\t\t\t\t\t\t\t\t\t\t\t\t<\/span>\n\t\t\t\t\t\t\t\t\t\t\t\t\t\t\t\t\t\t\t\t<\/span>\n\t\t\t\t\t<\/button>\n\t\t\t\t<\/div>\n\t\t\t<\/div>\n\t\t<input type=\"hidden\" name=\"trp-form-language\" value=\"en\"\/><\/form>\n\t\t\t\t\t\t<\/div>\n\t\t\t\t<\/div>\n\t\t\t\t\t<\/div>\n\t\t\t\t<\/div>\n\t\t\t\t<\/div>","protected":false},"excerpt":{"rendered":"<p>Hotel Venatus Ak\u00e1r pihenni, ak\u00e1r dolgozni \u00e9rkezik, n\u00e1lunk mindig tudja, mire sz\u00e1m\u00edthat \u2013 bar\u00e1ts\u00e1gos l\u00e9gk\u00f6r, k\u00e9nyelmes szob\u00e1k, megfizethet\u0151 \u00e1ron. Foglal\u00e1s Foglal\u00e1s Fedezze fel pihentet\u0151 kikapcsol\u00f3d\u00e1s\u00e1t n\u00e1lunk \u2013 egyszer\u0171en, gyorsan, online! T\u00f6ltse ki az al\u00e1bbi \u0171rlapot, \u00e9s mi hamarosan visszaigazoljuk foglal\u00e1s\u00e1t.<\/p>","protected":false},"author":1,"featured_media":1749,"parent":0,"menu_order":0,"comment_status":"closed","ping_status":"closed","template":"","meta":{"footnotes":""},"class_list":["post-28","page","type-page","status-publish","has-post-thumbnail","hentry"],"yoast_head":"<!-- This site is optimized with the Yoast SEO plugin v26.9 - https:\/\/yoast.com\/product\/yoast-seo-wordpress\/ -->\n<title>Foglal\u00e1s - HotelVenatus.hu<\/title>\n<meta name=\"description\" content=\"Gyors \u00e9s egyszer\u0171 foglal\u00e1s a Hotel Venatusban Zalaegerszegen. V\u00e1lasszon modern szob\u00e1ink k\u00f6z\u00fcl, \u00e9s biztos\u00edtsa hely\u00e9t k\u00e9nyelmesen, online.\" \/>\n<meta name=\"robots\" content=\"index, follow, max-snippet:-1, max-image-preview:large, max-video-preview:-1\" \/>\n<link rel=\"canonical\" href=\"https:\/\/hotelvenatus.hu\/en\/foglalas\/\" \/>\n<meta property=\"og:locale\" content=\"en_GB\" \/>\n<meta property=\"og:type\" content=\"article\" \/>\n<meta property=\"og:title\" content=\"Foglal\u00e1s - HotelVenatus.hu\" \/>\n<meta property=\"og:description\" content=\"Gyors \u00e9s egyszer\u0171 foglal\u00e1s a Hotel Venatusban Zalaegerszegen. V\u00e1lasszon modern szob\u00e1ink k\u00f6z\u00fcl, \u00e9s biztos\u00edtsa hely\u00e9t k\u00e9nyelmesen, online.\" \/>\n<meta property=\"og:url\" content=\"https:\/\/hotelvenatus.hu\/en\/foglalas\/\" \/>\n<meta property=\"og:site_name\" content=\"HotelVenatus.hu\" \/>\n<meta property=\"article:publisher\" content=\"https:\/\/www.facebook.com\/share\/1VVt9JMT7f\/\" \/>\n<meta property=\"article:modified_time\" content=\"2025-12-02T17:50:29+00:00\" \/>\n<meta property=\"og:image\" content=\"https:\/\/hotelvenatus.hu\/wp-content\/uploads\/2025\/07\/IMG_8245-scaled.jpg\" \/>\n\t<meta property=\"og:image:width\" content=\"1920\" \/>\n\t<meta property=\"og:image:height\" content=\"2560\" \/>\n\t<meta property=\"og:image:type\" content=\"image\/jpeg\" \/>\n<meta name=\"twitter:card\" content=\"summary_large_image\" \/>\n<meta name=\"twitter:label1\" content=\"Estimated reading time\" \/>\n\t<meta name=\"twitter:data1\" content=\"1 minute\" \/>\n<script type=\"application\/ld+json\" class=\"yoast-schema-graph\">{\"@context\":\"https:\/\/schema.org\",\"@graph\":[{\"@type\":\"WebPage\",\"@id\":\"https:\/\/hotelvenatus.hu\/foglalas\/\",\"url\":\"https:\/\/hotelvenatus.hu\/foglalas\/\",\"name\":\"Foglal\u00e1s - HotelVenatus.hu\",\"isPartOf\":{\"@id\":\"https:\/\/hotelvenatus.hu\/#website\"},\"primaryImageOfPage\":{\"@id\":\"https:\/\/hotelvenatus.hu\/foglalas\/#primaryimage\"},\"image\":{\"@id\":\"https:\/\/hotelvenatus.hu\/foglalas\/#primaryimage\"},\"thumbnailUrl\":\"https:\/\/hotelvenatus.hu\/wp-content\/uploads\/2025\/07\/IMG_8245-scaled.jpg\",\"datePublished\":\"2025-06-23T16:19:27+00:00\",\"dateModified\":\"2025-12-02T17:50:29+00:00\",\"description\":\"Gyors \u00e9s egyszer\u0171 foglal\u00e1s a Hotel Venatusban Zalaegerszegen. V\u00e1lasszon modern szob\u00e1ink k\u00f6z\u00fcl, \u00e9s biztos\u00edtsa hely\u00e9t k\u00e9nyelmesen, online.\",\"breadcrumb\":{\"@id\":\"https:\/\/hotelvenatus.hu\/foglalas\/#breadcrumb\"},\"inLanguage\":\"en-GB\",\"potentialAction\":[{\"@type\":\"ReadAction\",\"target\":[\"https:\/\/hotelvenatus.hu\/foglalas\/\"]}]},{\"@type\":\"ImageObject\",\"inLanguage\":\"en-GB\",\"@id\":\"https:\/\/hotelvenatus.hu\/foglalas\/#primaryimage\",\"url\":\"https:\/\/hotelvenatus.hu\/wp-content\/uploads\/2025\/07\/IMG_8245-scaled.jpg\",\"contentUrl\":\"https:\/\/hotelvenatus.hu\/wp-content\/uploads\/2025\/07\/IMG_8245-scaled.jpg\",\"width\":1920,\"height\":2560},{\"@type\":\"BreadcrumbList\",\"@id\":\"https:\/\/hotelvenatus.hu\/foglalas\/#breadcrumb\",\"itemListElement\":[{\"@type\":\"ListItem\",\"position\":1,\"name\":\"Kezd\u0151lap\",\"item\":\"https:\/\/hotelvenatus.hu\/\"},{\"@type\":\"ListItem\",\"position\":2,\"name\":\"Foglal\u00e1s\"}]},{\"@type\":\"WebSite\",\"@id\":\"https:\/\/hotelvenatus.hu\/#website\",\"url\":\"https:\/\/hotelvenatus.hu\/\",\"name\":\"HotelVenatus.hu\",\"description\":\"\",\"publisher\":{\"@id\":\"https:\/\/hotelvenatus.hu\/#organization\"},\"potentialAction\":[{\"@type\":\"SearchAction\",\"target\":{\"@type\":\"EntryPoint\",\"urlTemplate\":\"https:\/\/hotelvenatus.hu\/?s={search_term_string}\"},\"query-input\":{\"@type\":\"PropertyValueSpecification\",\"valueRequired\":true,\"valueName\":\"search_term_string\"}}],\"inLanguage\":\"en-GB\"},{\"@type\":\"Organization\",\"@id\":\"https:\/\/hotelvenatus.hu\/#organization\",\"name\":\"HotelVenatus.hu\",\"url\":\"https:\/\/hotelvenatus.hu\/\",\"logo\":{\"@type\":\"ImageObject\",\"inLanguage\":\"en-GB\",\"@id\":\"https:\/\/hotelvenatus.hu\/#\/schema\/logo\/image\/\",\"url\":\"https:\/\/hotelvenatus.hu\/wp-content\/uploads\/2025\/06\/hotelvenatus-logo.png\",\"contentUrl\":\"https:\/\/hotelvenatus.hu\/wp-content\/uploads\/2025\/06\/hotelvenatus-logo.png\",\"width\":761,\"height\":348,\"caption\":\"HotelVenatus.hu\"},\"image\":{\"@id\":\"https:\/\/hotelvenatus.hu\/#\/schema\/logo\/image\/\"},\"sameAs\":[\"https:\/\/www.facebook.com\/share\/1VVt9JMT7f\/\",\"https:\/\/www.instagram.com\/hotel_venatus\/\"]}]}<\/script>\n<!-- \/ Yoast SEO plugin. -->","yoast_head_json":{"title":"Foglal\u00e1s - HotelVenatus.hu","description":"Gyors \u00e9s egyszer\u0171 foglal\u00e1s a Hotel Venatusban Zalaegerszegen. V\u00e1lasszon modern szob\u00e1ink k\u00f6z\u00fcl, \u00e9s biztos\u00edtsa hely\u00e9t k\u00e9nyelmesen, online.","robots":{"index":"index","follow":"follow","max-snippet":"max-snippet:-1","max-image-preview":"max-image-preview:large","max-video-preview":"max-video-preview:-1"},"canonical":"https:\/\/hotelvenatus.hu\/en\/foglalas\/","og_locale":"en_GB","og_type":"article","og_title":"Foglal\u00e1s - HotelVenatus.hu","og_description":"Gyors \u00e9s egyszer\u0171 foglal\u00e1s a Hotel Venatusban Zalaegerszegen. V\u00e1lasszon modern szob\u00e1ink k\u00f6z\u00fcl, \u00e9s biztos\u00edtsa hely\u00e9t k\u00e9nyelmesen, online.","og_url":"https:\/\/hotelvenatus.hu\/en\/foglalas\/","og_site_name":"HotelVenatus.hu","article_publisher":"https:\/\/www.facebook.com\/share\/1VVt9JMT7f\/","article_modified_time":"2025-12-02T17:50:29+00:00","og_image":[{"width":1920,"height":2560,"url":"https:\/\/hotelvenatus.hu\/wp-content\/uploads\/2025\/07\/IMG_8245-scaled.jpg","type":"image\/jpeg"}],"twitter_card":"summary_large_image","twitter_misc":{"Estimated reading time":"1 minute"},"schema":{"@context":"https:\/\/schema.org","@graph":[{"@type":"WebPage","@id":"https:\/\/hotelvenatus.hu\/foglalas\/","url":"https:\/\/hotelvenatus.hu\/foglalas\/","name":"Foglal\u00e1s - HotelVenatus.hu","isPartOf":{"@id":"https:\/\/hotelvenatus.hu\/#website"},"primaryImageOfPage":{"@id":"https:\/\/hotelvenatus.hu\/foglalas\/#primaryimage"},"image":{"@id":"https:\/\/hotelvenatus.hu\/foglalas\/#primaryimage"},"thumbnailUrl":"https:\/\/hotelvenatus.hu\/wp-content\/uploads\/2025\/07\/IMG_8245-scaled.jpg","datePublished":"2025-06-23T16:19:27+00:00","dateModified":"2025-12-02T17:50:29+00:00","description":"Gyors \u00e9s egyszer\u0171 foglal\u00e1s a Hotel Venatusban Zalaegerszegen. V\u00e1lasszon modern szob\u00e1ink k\u00f6z\u00fcl, \u00e9s biztos\u00edtsa hely\u00e9t k\u00e9nyelmesen, online.","breadcrumb":{"@id":"https:\/\/hotelvenatus.hu\/foglalas\/#breadcrumb"},"inLanguage":"en-GB","potentialAction":[{"@type":"ReadAction","target":["https:\/\/hotelvenatus.hu\/foglalas\/"]}]},{"@type":"ImageObject","inLanguage":"en-GB","@id":"https:\/\/hotelvenatus.hu\/foglalas\/#primaryimage","url":"https:\/\/hotelvenatus.hu\/wp-content\/uploads\/2025\/07\/IMG_8245-scaled.jpg","contentUrl":"https:\/\/hotelvenatus.hu\/wp-content\/uploads\/2025\/07\/IMG_8245-scaled.jpg","width":1920,"height":2560},{"@type":"BreadcrumbList","@id":"https:\/\/hotelvenatus.hu\/foglalas\/#breadcrumb","itemListElement":[{"@type":"ListItem","position":1,"name":"Kezd\u0151lap","item":"https:\/\/hotelvenatus.hu\/"},{"@type":"ListItem","position":2,"name":"Foglal\u00e1s"}]},{"@type":"WebSite","@id":"https:\/\/hotelvenatus.hu\/#website","url":"https:\/\/hotelvenatus.hu\/","name":"HotelVenatus.hu","description":"","publisher":{"@id":"https:\/\/hotelvenatus.hu\/#organization"},"potentialAction":[{"@type":"SearchAction","target":{"@type":"EntryPoint","urlTemplate":"https:\/\/hotelvenatus.hu\/?s={search_term_string}"},"query-input":{"@type":"PropertyValueSpecification","valueRequired":true,"valueName":"search_term_string"}}],"inLanguage":"en-GB"},{"@type":"Organization","@id":"https:\/\/hotelvenatus.hu\/#organization","name":"HotelVenatus.hu","url":"https:\/\/hotelvenatus.hu\/","logo":{"@type":"ImageObject","inLanguage":"en-GB","@id":"https:\/\/hotelvenatus.hu\/#\/schema\/logo\/image\/","url":"https:\/\/hotelvenatus.hu\/wp-content\/uploads\/2025\/06\/hotelvenatus-logo.png","contentUrl":"https:\/\/hotelvenatus.hu\/wp-content\/uploads\/2025\/06\/hotelvenatus-logo.png","width":761,"height":348,"caption":"HotelVenatus.hu"},"image":{"@id":"https:\/\/hotelvenatus.hu\/#\/schema\/logo\/image\/"},"sameAs":["https:\/\/www.facebook.com\/share\/1VVt9JMT7f\/","https:\/\/www.instagram.com\/hotel_venatus\/"]}]}},"_links":{"self":[{"href":"https:\/\/hotelvenatus.hu\/en\/wp-json\/wp\/v2\/pages\/28","targetHints":{"allow":["GET"]}}],"collection":[{"href":"https:\/\/hotelvenatus.hu\/en\/wp-json\/wp\/v2\/pages"}],"about":[{"href":"https:\/\/hotelvenatus.hu\/en\/wp-json\/wp\/v2\/types\/page"}],"author":[{"embeddable":true,"href":"https:\/\/hotelvenatus.hu\/en\/wp-json\/wp\/v2\/users\/1"}],"replies":[{"embeddable":true,"href":"https:\/\/hotelvenatus.hu\/en\/wp-json\/wp\/v2\/comments?post=28"}],"version-history":[{"count":34,"href":"https:\/\/hotelvenatus.hu\/en\/wp-json\/wp\/v2\/pages\/28\/revisions"}],"predecessor-version":[{"id":2108,"href":"https:\/\/hotelvenatus.hu\/en\/wp-json\/wp\/v2\/pages\/28\/revisions\/2108"}],"wp:featuredmedia":[{"embeddable":true,"href":"https:\/\/hotelvenatus.hu\/en\/wp-json\/wp\/v2\/media\/1749"}],"wp:attachment":[{"href":"https:\/\/hotelvenatus.hu\/en\/wp-json\/wp\/v2\/media?parent=28"}],"curies":[{"name":"wp","href":"https:\/\/api.w.org\/{rel}","templated":true}]}}