{"id":1726,"date":"2025-07-23T19:25:35","date_gmt":"2025-07-23T17:25:35","guid":{"rendered":"https:\/\/hotelvenatus.hu\/?page_id=1726"},"modified":"2025-08-11T17:29:24","modified_gmt":"2025-08-11T15:29:24","slug":"konferenciatermek","status":"publish","type":"page","link":"https:\/\/hotelvenatus.hu\/de\/konferenciatermek\/","title":{"rendered":"Konferenzr\u00e4ume"},"content":{"rendered":"<div data-elementor-type=\"wp-page\" data-elementor-id=\"1726\" class=\"elementor elementor-1726\" data-elementor-post-type=\"page\">\n\t\t\t\t\t\t<section class=\"elementor-section elementor-top-section elementor-element elementor-element-78bfd33 elementor-section-content-middle elementor-section-boxed elementor-section-height-default elementor-section-height-default\" data-id=\"78bfd33\" data-element_type=\"section\" data-e-type=\"section\" data-settings=\"{&quot;background_background&quot;:&quot;classic&quot;}\">\n\t\t\t\t\t\t\t<div class=\"elementor-background-overlay\"><\/div>\n\t\t\t\t\t\t\t<div class=\"elementor-container elementor-column-gap-default\">\n\t\t\t\t\t<div class=\"elementor-column elementor-col-50 elementor-top-column elementor-element elementor-element-404eec2\" data-id=\"404eec2\" data-element_type=\"column\" data-e-type=\"column\">\n\t\t\t<div class=\"elementor-widget-wrap elementor-element-populated\">\n\t\t\t\t\t\t<div class=\"elementor-element elementor-element-8b541d6 e-transform elementor-widget elementor-widget-heading\" data-id=\"8b541d6\" data-element_type=\"widget\" data-e-type=\"widget\" data-settings=\"{&quot;_transform_translateY_effect&quot;:{&quot;unit&quot;:&quot;px&quot;,&quot;size&quot;:96,&quot;sizes&quot;:[]},&quot;_transform_translateY_effect_mobile&quot;:{&quot;unit&quot;:&quot;px&quot;,&quot;size&quot;:128,&quot;sizes&quot;:[]},&quot;_transform_translateX_effect&quot;:{&quot;unit&quot;:&quot;px&quot;,&quot;size&quot;:&quot;&quot;,&quot;sizes&quot;:[]},&quot;_transform_translateX_effect_laptop&quot;:{&quot;unit&quot;:&quot;px&quot;,&quot;size&quot;:&quot;&quot;,&quot;sizes&quot;:[]},&quot;_transform_translateX_effect_tablet&quot;:{&quot;unit&quot;:&quot;px&quot;,&quot;size&quot;:&quot;&quot;,&quot;sizes&quot;:[]},&quot;_transform_translateX_effect_mobile&quot;:{&quot;unit&quot;:&quot;px&quot;,&quot;size&quot;:&quot;&quot;,&quot;sizes&quot;:[]},&quot;_transform_translateY_effect_laptop&quot;:{&quot;unit&quot;:&quot;px&quot;,&quot;size&quot;:&quot;&quot;,&quot;sizes&quot;:[]},&quot;_transform_translateY_effect_tablet&quot;:{&quot;unit&quot;:&quot;px&quot;,&quot;size&quot;:&quot;&quot;,&quot;sizes&quot;:[]}}\" data-widget_type=\"heading.default\">\n\t\t\t\t<div class=\"elementor-widget-container\">\n\t\t\t\t\t<h1 class=\"elementor-heading-title elementor-size-default\">Hotel Venatus<\/h1>\t\t\t\t<\/div>\n\t\t\t\t<\/div>\n\t\t\t\t<div class=\"elementor-element elementor-element-409f1f1 e-transform elementor-widget elementor-widget-text-editor\" data-id=\"409f1f1\" data-element_type=\"widget\" data-e-type=\"widget\" data-settings=\"{&quot;_transform_translateY_effect&quot;:{&quot;unit&quot;:&quot;px&quot;,&quot;size&quot;:73,&quot;sizes&quot;:[]},&quot;_transform_translateY_effect_mobile&quot;:{&quot;unit&quot;:&quot;px&quot;,&quot;size&quot;:107,&quot;sizes&quot;:[]},&quot;_transform_translateX_effect&quot;:{&quot;unit&quot;:&quot;px&quot;,&quot;size&quot;:&quot;&quot;,&quot;sizes&quot;:[]},&quot;_transform_translateX_effect_laptop&quot;:{&quot;unit&quot;:&quot;px&quot;,&quot;size&quot;:&quot;&quot;,&quot;sizes&quot;:[]},&quot;_transform_translateX_effect_tablet&quot;:{&quot;unit&quot;:&quot;px&quot;,&quot;size&quot;:&quot;&quot;,&quot;sizes&quot;:[]},&quot;_transform_translateX_effect_mobile&quot;:{&quot;unit&quot;:&quot;px&quot;,&quot;size&quot;:&quot;&quot;,&quot;sizes&quot;:[]},&quot;_transform_translateY_effect_laptop&quot;:{&quot;unit&quot;:&quot;px&quot;,&quot;size&quot;:&quot;&quot;,&quot;sizes&quot;:[]},&quot;_transform_translateY_effect_tablet&quot;:{&quot;unit&quot;:&quot;px&quot;,&quot;size&quot;:&quot;&quot;,&quot;sizes&quot;:[]}}\" data-widget_type=\"text-editor.default\">\n\t\t\t\t<div class=\"elementor-widget-container\">\n\t\t\t\t\t\t\t\t\t<p>Ob Sie gesch\u00e4ftlich oder privat unterwegs sind \u2013 bei uns erwarten Sie stets eine herzliche Atmosph\u00e4re, komfortable Zimmer und ein faires Preis-Leistungs-Verh\u00e4ltnis.<\/p>\t\t\t\t\t\t\t\t<\/div>\n\t\t\t\t<\/div>\n\t\t\t\t<div class=\"elementor-element elementor-element-b2e4d0f e-transform elementor-widget elementor-widget-button\" data-id=\"b2e4d0f\" data-element_type=\"widget\" data-e-type=\"widget\" data-settings=\"{&quot;_transform_translateX_effect&quot;:{&quot;unit&quot;:&quot;px&quot;,&quot;size&quot;:4,&quot;sizes&quot;:[]},&quot;_transform_translateX_effect_laptop&quot;:{&quot;unit&quot;:&quot;px&quot;,&quot;size&quot;:-1,&quot;sizes&quot;:[]},&quot;_transform_translateX_effect_tablet&quot;:{&quot;unit&quot;:&quot;px&quot;,&quot;size&quot;:-3,&quot;sizes&quot;:[]},&quot;_transform_translateX_effect_mobile&quot;:{&quot;unit&quot;:&quot;px&quot;,&quot;size&quot;:-3,&quot;sizes&quot;:[]},&quot;_transform_translateY_effect&quot;:{&quot;unit&quot;:&quot;px&quot;,&quot;size&quot;:53,&quot;sizes&quot;:[]},&quot;_transform_translateY_effect_mobile&quot;:{&quot;unit&quot;:&quot;px&quot;,&quot;size&quot;:73,&quot;sizes&quot;:[]},&quot;_transform_translateY_effect_laptop&quot;:{&quot;unit&quot;:&quot;px&quot;,&quot;size&quot;:&quot;&quot;,&quot;sizes&quot;:[]},&quot;_transform_translateY_effect_tablet&quot;:{&quot;unit&quot;:&quot;px&quot;,&quot;size&quot;:&quot;&quot;,&quot;sizes&quot;:[]}}\" data-widget_type=\"button.default\">\n\t\t\t\t<div class=\"elementor-widget-container\">\n\t\t\t\t\t\t\t\t\t<div class=\"elementor-button-wrapper\">\n\t\t\t\t\t<a class=\"elementor-button elementor-button-link elementor-size-sm\" href=\"https:\/\/hotelvenatus.hu\/de\/foglalas\/\">\n\t\t\t\t\t\t<span class=\"elementor-button-content-wrapper\">\n\t\t\t\t\t\t<span class=\"elementor-button-icon\">\n\t\t\t\t<svg aria-hidden=\"true\" class=\"e-font-icon-svg e-fas-chevron-right\" viewbox=\"0 0 320 512\" xmlns=\"http:\/\/www.w3.org\/2000\/svg\"><path d=\"M285.476 272.971L91.132 467.314c-9.373 9.373-24.569 9.373-33.941 0l-22.667-22.667c-9.357-9.357-9.375-24.522-.04-33.901L188.505 256 34.484 101.255c-9.335-9.379-9.317-24.544.04-33.901l22.667-22.667c9.373-9.373 24.569-9.373 33.941 0L285.475 239.03c9.373 9.372 9.373 24.568.001 33.941z\"><\/path><\/svg>\t\t\t<\/span>\n\t\t\t\t\t\t\t\t\t<span class=\"elementor-button-text\">Jetzt buchen<\/span>\n\t\t\t\t\t<\/span>\n\t\t\t\t\t<\/a>\n\t\t\t\t<\/div>\n\t\t\t\t\t\t\t\t<\/div>\n\t\t\t\t<\/div>\n\t\t\t\t\t<\/div>\n\t\t<\/div>\n\t\t\t\t<div class=\"elementor-column elementor-col-50 elementor-top-column elementor-element elementor-element-40666d6 elementor-hidden-mobile\" data-id=\"40666d6\" data-element_type=\"column\" data-e-type=\"column\">\n\t\t\t<div class=\"elementor-widget-wrap\">\n\t\t\t\t\t\t\t<\/div>\n\t\t<\/div>\n\t\t\t\t\t<\/div>\n\t\t<\/section>\n\t\t<div class=\"elementor-element elementor-element-4ded378 e-flex e-con-boxed e-con e-parent\" data-id=\"4ded378\" data-element_type=\"container\" data-e-type=\"container\">\n\t\t\t\t\t<div class=\"e-con-inner\">\n\t\t\t\t<div class=\"elementor-element elementor-element-b4fe1ab elementor-widget__width-initial elementor-widget elementor-widget-heading\" data-id=\"b4fe1ab\" data-element_type=\"widget\" data-e-type=\"widget\" data-widget_type=\"heading.default\">\n\t\t\t\t<div class=\"elementor-widget-container\">\n\t\t\t\t\t<h2 class=\"elementor-heading-title elementor-size-default\">Konferenciatermeink k\u00e9pekben<\/h2>\t\t\t\t<\/div>\n\t\t\t\t<\/div>\n\t\t\t\t<div class=\"elementor-element elementor-element-6db42f0 elementor-arrows-position-inside elementor-widget elementor-widget-image-carousel\" data-id=\"6db42f0\" data-element_type=\"widget\" data-e-type=\"widget\" data-settings=\"{&quot;navigation&quot;:&quot;arrows&quot;,&quot;image_spacing_custom&quot;:{&quot;unit&quot;:&quot;px&quot;,&quot;size&quot;:24,&quot;sizes&quot;:[]},&quot;slides_to_show&quot;:&quot;3&quot;,&quot;autoplay&quot;:&quot;yes&quot;,&quot;pause_on_hover&quot;:&quot;yes&quot;,&quot;pause_on_interaction&quot;:&quot;yes&quot;,&quot;autoplay_speed&quot;:5000,&quot;infinite&quot;:&quot;yes&quot;,&quot;speed&quot;:500,&quot;image_spacing_custom_laptop&quot;:{&quot;unit&quot;:&quot;px&quot;,&quot;size&quot;:&quot;&quot;,&quot;sizes&quot;:[]},&quot;image_spacing_custom_tablet&quot;:{&quot;unit&quot;:&quot;px&quot;,&quot;size&quot;:&quot;&quot;,&quot;sizes&quot;:[]},&quot;image_spacing_custom_mobile&quot;:{&quot;unit&quot;:&quot;px&quot;,&quot;size&quot;:&quot;&quot;,&quot;sizes&quot;:[]}}\" data-widget_type=\"image-carousel.default\">\n\t\t\t\t<div class=\"elementor-widget-container\">\n\t\t\t\t\t\t\t<div class=\"elementor-image-carousel-wrapper swiper\" role=\"region\" aria-roledescription=\"carousel\" aria-label=\"K\u00e9p k\u00f6rhinta\" dir=\"ltr\">\n\t\t\t<div class=\"elementor-image-carousel swiper-wrapper\" aria-live=\"off\">\n\t\t\t\t\t\t\t\t<div class=\"swiper-slide\" role=\"group\" aria-roledescription=\"slide\" aria-label=\"1 \/ 5\"><a data-elementor-open-lightbox=\"yes\" data-elementor-lightbox-slideshow=\"6db42f0\" data-e-action-hash=\"#elementor-action%3Aaction%3Dlightbox%26settings%3DeyJpZCI6MTcwMCwidXJsIjoiaHR0cHM6XC9cL2hvdGVsdmVuYXR1cy5odVwvd3AtY29udGVudFwvdXBsb2Fkc1wvMjAyNVwvMDdcL0RTQ18wMjQxLXNjYWxlZC5qcGVnIiwic2xpZGVzaG93IjoiNmRiNDJmMCJ9\" href=\"https:\/\/hotelvenatus.hu\/wp-content\/uploads\/2025\/07\/DSC_0241-scaled.jpeg\"><figure class=\"swiper-slide-inner\"><img decoding=\"async\" class=\"swiper-slide-image lazyload\" data-src=\"https:\/\/hotelvenatus.hu\/wp-content\/uploads\/2025\/07\/DSC_0241-scaled.jpeg\" alt=\"DSC_0241\" src=\"data:image\/svg+xml;base64,PHN2ZyB3aWR0aD0iMSIgaGVpZ2h0PSIxIiB4bWxucz0iaHR0cDovL3d3dy53My5vcmcvMjAwMC9zdmciPjwvc3ZnPg==\" style=\"--smush-placeholder-width: 2560px; --smush-placeholder-aspect-ratio: 2560\/1711;\" \/><\/figure><\/a><\/div><div class=\"swiper-slide\" role=\"group\" aria-roledescription=\"slide\" aria-label=\"2 \/ 5\"><a data-elementor-open-lightbox=\"yes\" data-elementor-lightbox-slideshow=\"6db42f0\" data-e-action-hash=\"#elementor-action%3Aaction%3Dlightbox%26settings%3DeyJpZCI6MTcwMSwidXJsIjoiaHR0cHM6XC9cL2hvdGVsdmVuYXR1cy5odVwvd3AtY29udGVudFwvdXBsb2Fkc1wvMjAyNVwvMDdcL0RTQ18wMjU1LXNjYWxlZC5qcGVnIiwic2xpZGVzaG93IjoiNmRiNDJmMCJ9\" href=\"https:\/\/hotelvenatus.hu\/wp-content\/uploads\/2025\/07\/DSC_0255-scaled.jpeg\"><figure class=\"swiper-slide-inner\"><img decoding=\"async\" class=\"swiper-slide-image lazyload\" data-src=\"https:\/\/hotelvenatus.hu\/wp-content\/uploads\/2025\/07\/DSC_0255-scaled.jpeg\" alt=\"DSC_0255\" src=\"data:image\/svg+xml;base64,PHN2ZyB3aWR0aD0iMSIgaGVpZ2h0PSIxIiB4bWxucz0iaHR0cDovL3d3dy53My5vcmcvMjAwMC9zdmciPjwvc3ZnPg==\" style=\"--smush-placeholder-width: 2560px; --smush-placeholder-aspect-ratio: 2560\/1711;\" \/><\/figure><\/a><\/div><div class=\"swiper-slide\" role=\"group\" aria-roledescription=\"slide\" aria-label=\"3 \/ 5\"><a data-elementor-open-lightbox=\"yes\" data-elementor-lightbox-slideshow=\"6db42f0\" data-e-action-hash=\"#elementor-action%3Aaction%3Dlightbox%26settings%3DeyJpZCI6MTcwMiwidXJsIjoiaHR0cHM6XC9cL2hvdGVsdmVuYXR1cy5odVwvd3AtY29udGVudFwvdXBsb2Fkc1wvMjAyNVwvMDdcL0RTQ18wMjY4LXNjYWxlZC5qcGVnIiwic2xpZGVzaG93IjoiNmRiNDJmMCJ9\" href=\"https:\/\/hotelvenatus.hu\/wp-content\/uploads\/2025\/07\/DSC_0268-scaled.jpeg\"><figure class=\"swiper-slide-inner\"><img decoding=\"async\" class=\"swiper-slide-image lazyload\" data-src=\"https:\/\/hotelvenatus.hu\/wp-content\/uploads\/2025\/07\/DSC_0268-scaled.jpeg\" alt=\"DSC_0268\" src=\"data:image\/svg+xml;base64,PHN2ZyB3aWR0aD0iMSIgaGVpZ2h0PSIxIiB4bWxucz0iaHR0cDovL3d3dy53My5vcmcvMjAwMC9zdmciPjwvc3ZnPg==\" style=\"--smush-placeholder-width: 2560px; --smush-placeholder-aspect-ratio: 2560\/1711;\" \/><\/figure><\/a><\/div><div class=\"swiper-slide\" role=\"group\" aria-roledescription=\"slide\" aria-label=\"4 \/ 5\"><a data-elementor-open-lightbox=\"yes\" data-elementor-lightbox-slideshow=\"6db42f0\" data-e-action-hash=\"#elementor-action%3Aaction%3Dlightbox%26settings%3DeyJpZCI6MTcwMywidXJsIjoiaHR0cHM6XC9cL2hvdGVsdmVuYXR1cy5odVwvd3AtY29udGVudFwvdXBsb2Fkc1wvMjAyNVwvMDdcL0RTQ18wMjY5LXNjYWxlZC5qcGVnIiwic2xpZGVzaG93IjoiNmRiNDJmMCJ9\" href=\"https:\/\/hotelvenatus.hu\/wp-content\/uploads\/2025\/07\/DSC_0269-scaled.jpeg\"><figure class=\"swiper-slide-inner\"><img decoding=\"async\" class=\"swiper-slide-image lazyload\" data-src=\"https:\/\/hotelvenatus.hu\/wp-content\/uploads\/2025\/07\/DSC_0269-scaled.jpeg\" alt=\"DSC_0269\" src=\"data:image\/svg+xml;base64,PHN2ZyB3aWR0aD0iMSIgaGVpZ2h0PSIxIiB4bWxucz0iaHR0cDovL3d3dy53My5vcmcvMjAwMC9zdmciPjwvc3ZnPg==\" style=\"--smush-placeholder-width: 2560px; --smush-placeholder-aspect-ratio: 2560\/1711;\" \/><\/figure><\/a><\/div><div class=\"swiper-slide\" role=\"group\" aria-roledescription=\"slide\" aria-label=\"5 \/ 5\"><a data-elementor-open-lightbox=\"yes\" data-elementor-lightbox-slideshow=\"6db42f0\" data-e-action-hash=\"#elementor-action%3Aaction%3Dlightbox%26settings%3DeyJpZCI6MTcwNCwidXJsIjoiaHR0cHM6XC9cL2hvdGVsdmVuYXR1cy5odVwvd3AtY29udGVudFwvdXBsb2Fkc1wvMjAyNVwvMDdcL0RTQ18wMjcwLXNjYWxlZC5qcGVnIiwic2xpZGVzaG93IjoiNmRiNDJmMCJ9\" href=\"https:\/\/hotelvenatus.hu\/wp-content\/uploads\/2025\/07\/DSC_0270-scaled.jpeg\"><figure class=\"swiper-slide-inner\"><img decoding=\"async\" class=\"swiper-slide-image lazyload\" data-src=\"https:\/\/hotelvenatus.hu\/wp-content\/uploads\/2025\/07\/DSC_0270-scaled.jpeg\" alt=\"DSC_0270\" src=\"data:image\/svg+xml;base64,PHN2ZyB3aWR0aD0iMSIgaGVpZ2h0PSIxIiB4bWxucz0iaHR0cDovL3d3dy53My5vcmcvMjAwMC9zdmciPjwvc3ZnPg==\" style=\"--smush-placeholder-width: 2560px; --smush-placeholder-aspect-ratio: 2560\/1711;\" \/><\/figure><\/a><\/div>\t\t\t<\/div>\n\t\t\t\t\t\t\t\t\t\t\t\t<div class=\"elementor-swiper-button elementor-swiper-button-prev\" role=\"button\" tabindex=\"0\">\n\t\t\t\t\t\t<svg aria-hidden=\"true\" class=\"e-font-icon-svg e-eicon-chevron-left\" viewbox=\"0 0 1000 1000\" xmlns=\"http:\/\/www.w3.org\/2000\/svg\"><path d=\"M646 125C629 125 613 133 604 142L308 442C296 454 292 471 292 487 292 504 296 521 308 533L604 854C617 867 629 875 646 875 663 875 679 871 692 858 704 846 713 829 713 812 713 796 708 779 692 767L438 487 692 225C700 217 708 204 708 187 708 171 704 154 692 142 675 129 663 125 646 125Z\"><\/path><\/svg>\t\t\t\t\t<\/div>\n\t\t\t\t\t<div class=\"elementor-swiper-button elementor-swiper-button-next\" role=\"button\" tabindex=\"0\">\n\t\t\t\t\t\t<svg aria-hidden=\"true\" class=\"e-font-icon-svg e-eicon-chevron-right\" viewbox=\"0 0 1000 1000\" xmlns=\"http:\/\/www.w3.org\/2000\/svg\"><path d=\"M696 533C708 521 713 504 713 487 713 471 708 454 696 446L400 146C388 133 375 125 354 125 338 125 325 129 313 142 300 154 292 171 292 187 292 204 296 221 308 233L563 492 304 771C292 783 288 800 288 817 288 833 296 850 308 863 321 871 338 875 354 875 371 875 388 867 400 854L696 533Z\"><\/path><\/svg>\t\t\t\t\t<\/div>\n\t\t\t\t\n\t\t\t\t\t\t\t\t\t<\/div>\n\t\t\t\t\t\t<\/div>\n\t\t\t\t<\/div>\n\t\t\t\t\t<\/div>\n\t\t\t\t<\/div>\n\t\t\t\t<\/div>","protected":false},"excerpt":{"rendered":"<p>Hotel Venatus Ak\u00e1r pihenni, ak\u00e1r dolgozni \u00e9rkezik, n\u00e1lunk mindig tudja, mire sz\u00e1m\u00edthat \u2013 bar\u00e1ts\u00e1gos l\u00e9gk\u00f6r, k\u00e9nyelmes szob\u00e1k, megfizethet\u0151 \u00e1ron. Foglal\u00e1s Konferenciatermeink k\u00e9pekben<\/p>","protected":false},"author":1,"featured_media":1704,"parent":0,"menu_order":0,"comment_status":"closed","ping_status":"closed","template":"","meta":{"footnotes":""},"class_list":["post-1726","page","type-page","status-publish","has-post-thumbnail","hentry"],"yoast_head":"<!-- This site is optimized with the Yoast SEO plugin v26.9 - https:\/\/yoast.com\/product\/yoast-seo-wordpress\/ -->\n<title>Konferenciatermek - HotelVenatus.hu<\/title>\n<meta name=\"description\" content=\"Rendezv\u00e9nytermeink modern technik\u00e1val, rugalmas elrendez\u00e9ssel v\u00e1rj\u00e1k \u00d6nt Zalaegerszegen, a Hotel Venatusban.\" \/>\n<meta name=\"robots\" content=\"index, follow, max-snippet:-1, max-image-preview:large, max-video-preview:-1\" \/>\n<link rel=\"canonical\" href=\"https:\/\/hotelvenatus.hu\/de\/konferenciatermek\/\" \/>\n<meta property=\"og:locale\" content=\"de_DE\" \/>\n<meta property=\"og:type\" content=\"article\" \/>\n<meta property=\"og:title\" content=\"Konferenciatermek - HotelVenatus.hu\" \/>\n<meta property=\"og:description\" content=\"Rendezv\u00e9nytermeink modern technik\u00e1val, rugalmas elrendez\u00e9ssel v\u00e1rj\u00e1k \u00d6nt Zalaegerszegen, a Hotel Venatusban.\" \/>\n<meta property=\"og:url\" content=\"https:\/\/hotelvenatus.hu\/de\/konferenciatermek\/\" \/>\n<meta property=\"og:site_name\" content=\"HotelVenatus.hu\" \/>\n<meta property=\"article:publisher\" content=\"https:\/\/www.facebook.com\/share\/1VVt9JMT7f\/\" \/>\n<meta property=\"article:modified_time\" content=\"2025-08-11T15:29:24+00:00\" \/>\n<meta property=\"og:image\" content=\"https:\/\/hotelvenatus.hu\/wp-content\/uploads\/2025\/07\/DSC_0270-scaled.jpeg\" \/>\n\t<meta property=\"og:image:width\" content=\"2560\" \/>\n\t<meta property=\"og:image:height\" content=\"1711\" \/>\n\t<meta property=\"og:image:type\" content=\"image\/jpeg\" \/>\n<meta name=\"twitter:card\" content=\"summary_large_image\" \/>\n<meta name=\"twitter:label1\" content=\"Gesch\u00e4tzte Lesezeit\" \/>\n\t<meta name=\"twitter:data1\" content=\"3\u00a0Minuten\" \/>\n<script type=\"application\/ld+json\" class=\"yoast-schema-graph\">{\"@context\":\"https:\/\/schema.org\",\"@graph\":[{\"@type\":\"WebPage\",\"@id\":\"https:\/\/hotelvenatus.hu\/konferenciatermek\/\",\"url\":\"https:\/\/hotelvenatus.hu\/konferenciatermek\/\",\"name\":\"Konferenciatermek - HotelVenatus.hu\",\"isPartOf\":{\"@id\":\"https:\/\/hotelvenatus.hu\/#website\"},\"primaryImageOfPage\":{\"@id\":\"https:\/\/hotelvenatus.hu\/konferenciatermek\/#primaryimage\"},\"image\":{\"@id\":\"https:\/\/hotelvenatus.hu\/konferenciatermek\/#primaryimage\"},\"thumbnailUrl\":\"https:\/\/hotelvenatus.hu\/wp-content\/uploads\/2025\/07\/DSC_0270-scaled.jpeg\",\"datePublished\":\"2025-07-23T17:25:35+00:00\",\"dateModified\":\"2025-08-11T15:29:24+00:00\",\"description\":\"Rendezv\u00e9nytermeink modern technik\u00e1val, rugalmas elrendez\u00e9ssel v\u00e1rj\u00e1k \u00d6nt Zalaegerszegen, a Hotel Venatusban.\",\"breadcrumb\":{\"@id\":\"https:\/\/hotelvenatus.hu\/konferenciatermek\/#breadcrumb\"},\"inLanguage\":\"de\",\"potentialAction\":[{\"@type\":\"ReadAction\",\"target\":[\"https:\/\/hotelvenatus.hu\/konferenciatermek\/\"]}]},{\"@type\":\"ImageObject\",\"inLanguage\":\"de\",\"@id\":\"https:\/\/hotelvenatus.hu\/konferenciatermek\/#primaryimage\",\"url\":\"https:\/\/hotelvenatus.hu\/wp-content\/uploads\/2025\/07\/DSC_0270-scaled.jpeg\",\"contentUrl\":\"https:\/\/hotelvenatus.hu\/wp-content\/uploads\/2025\/07\/DSC_0270-scaled.jpeg\",\"width\":2560,\"height\":1711},{\"@type\":\"BreadcrumbList\",\"@id\":\"https:\/\/hotelvenatus.hu\/konferenciatermek\/#breadcrumb\",\"itemListElement\":[{\"@type\":\"ListItem\",\"position\":1,\"name\":\"Kezd\u0151lap\",\"item\":\"https:\/\/hotelvenatus.hu\/\"},{\"@type\":\"ListItem\",\"position\":2,\"name\":\"Konferenciatermek\"}]},{\"@type\":\"WebSite\",\"@id\":\"https:\/\/hotelvenatus.hu\/#website\",\"url\":\"https:\/\/hotelvenatus.hu\/\",\"name\":\"HotelVenatus.hu\",\"description\":\"\",\"publisher\":{\"@id\":\"https:\/\/hotelvenatus.hu\/#organization\"},\"potentialAction\":[{\"@type\":\"SearchAction\",\"target\":{\"@type\":\"EntryPoint\",\"urlTemplate\":\"https:\/\/hotelvenatus.hu\/?s={search_term_string}\"},\"query-input\":{\"@type\":\"PropertyValueSpecification\",\"valueRequired\":true,\"valueName\":\"search_term_string\"}}],\"inLanguage\":\"de\"},{\"@type\":\"Organization\",\"@id\":\"https:\/\/hotelvenatus.hu\/#organization\",\"name\":\"HotelVenatus.hu\",\"url\":\"https:\/\/hotelvenatus.hu\/\",\"logo\":{\"@type\":\"ImageObject\",\"inLanguage\":\"de\",\"@id\":\"https:\/\/hotelvenatus.hu\/#\/schema\/logo\/image\/\",\"url\":\"https:\/\/hotelvenatus.hu\/wp-content\/uploads\/2025\/06\/hotelvenatus-logo.png\",\"contentUrl\":\"https:\/\/hotelvenatus.hu\/wp-content\/uploads\/2025\/06\/hotelvenatus-logo.png\",\"width\":761,\"height\":348,\"caption\":\"HotelVenatus.hu\"},\"image\":{\"@id\":\"https:\/\/hotelvenatus.hu\/#\/schema\/logo\/image\/\"},\"sameAs\":[\"https:\/\/www.facebook.com\/share\/1VVt9JMT7f\/\",\"https:\/\/www.instagram.com\/hotel_venatus\/\"]}]}<\/script>\n<!-- \/ Yoast SEO plugin. -->","yoast_head_json":{"title":"Konferenciatermek - HotelVenatus.hu","description":"Rendezv\u00e9nytermeink modern technik\u00e1val, rugalmas elrendez\u00e9ssel v\u00e1rj\u00e1k \u00d6nt Zalaegerszegen, a Hotel Venatusban.","robots":{"index":"index","follow":"follow","max-snippet":"max-snippet:-1","max-image-preview":"max-image-preview:large","max-video-preview":"max-video-preview:-1"},"canonical":"https:\/\/hotelvenatus.hu\/de\/konferenciatermek\/","og_locale":"de_DE","og_type":"article","og_title":"Konferenciatermek - HotelVenatus.hu","og_description":"Rendezv\u00e9nytermeink modern technik\u00e1val, rugalmas elrendez\u00e9ssel v\u00e1rj\u00e1k \u00d6nt Zalaegerszegen, a Hotel Venatusban.","og_url":"https:\/\/hotelvenatus.hu\/de\/konferenciatermek\/","og_site_name":"HotelVenatus.hu","article_publisher":"https:\/\/www.facebook.com\/share\/1VVt9JMT7f\/","article_modified_time":"2025-08-11T15:29:24+00:00","og_image":[{"width":2560,"height":1711,"url":"https:\/\/hotelvenatus.hu\/wp-content\/uploads\/2025\/07\/DSC_0270-scaled.jpeg","type":"image\/jpeg"}],"twitter_card":"summary_large_image","twitter_misc":{"Gesch\u00e4tzte Lesezeit":"3\u00a0Minuten"},"schema":{"@context":"https:\/\/schema.org","@graph":[{"@type":"WebPage","@id":"https:\/\/hotelvenatus.hu\/konferenciatermek\/","url":"https:\/\/hotelvenatus.hu\/konferenciatermek\/","name":"Konferenciatermek - HotelVenatus.hu","isPartOf":{"@id":"https:\/\/hotelvenatus.hu\/#website"},"primaryImageOfPage":{"@id":"https:\/\/hotelvenatus.hu\/konferenciatermek\/#primaryimage"},"image":{"@id":"https:\/\/hotelvenatus.hu\/konferenciatermek\/#primaryimage"},"thumbnailUrl":"https:\/\/hotelvenatus.hu\/wp-content\/uploads\/2025\/07\/DSC_0270-scaled.jpeg","datePublished":"2025-07-23T17:25:35+00:00","dateModified":"2025-08-11T15:29:24+00:00","description":"Rendezv\u00e9nytermeink modern technik\u00e1val, rugalmas elrendez\u00e9ssel v\u00e1rj\u00e1k \u00d6nt Zalaegerszegen, a Hotel Venatusban.","breadcrumb":{"@id":"https:\/\/hotelvenatus.hu\/konferenciatermek\/#breadcrumb"},"inLanguage":"de","potentialAction":[{"@type":"ReadAction","target":["https:\/\/hotelvenatus.hu\/konferenciatermek\/"]}]},{"@type":"ImageObject","inLanguage":"de","@id":"https:\/\/hotelvenatus.hu\/konferenciatermek\/#primaryimage","url":"https:\/\/hotelvenatus.hu\/wp-content\/uploads\/2025\/07\/DSC_0270-scaled.jpeg","contentUrl":"https:\/\/hotelvenatus.hu\/wp-content\/uploads\/2025\/07\/DSC_0270-scaled.jpeg","width":2560,"height":1711},{"@type":"BreadcrumbList","@id":"https:\/\/hotelvenatus.hu\/konferenciatermek\/#breadcrumb","itemListElement":[{"@type":"ListItem","position":1,"name":"Kezd\u0151lap","item":"https:\/\/hotelvenatus.hu\/"},{"@type":"ListItem","position":2,"name":"Konferenciatermek"}]},{"@type":"WebSite","@id":"https:\/\/hotelvenatus.hu\/#website","url":"https:\/\/hotelvenatus.hu\/","name":"HotelVenatus.hu","description":"","publisher":{"@id":"https:\/\/hotelvenatus.hu\/#organization"},"potentialAction":[{"@type":"SearchAction","target":{"@type":"EntryPoint","urlTemplate":"https:\/\/hotelvenatus.hu\/?s={search_term_string}"},"query-input":{"@type":"PropertyValueSpecification","valueRequired":true,"valueName":"search_term_string"}}],"inLanguage":"de"},{"@type":"Organization","@id":"https:\/\/hotelvenatus.hu\/#organization","name":"HotelVenatus.hu","url":"https:\/\/hotelvenatus.hu\/","logo":{"@type":"ImageObject","inLanguage":"de","@id":"https:\/\/hotelvenatus.hu\/#\/schema\/logo\/image\/","url":"https:\/\/hotelvenatus.hu\/wp-content\/uploads\/2025\/06\/hotelvenatus-logo.png","contentUrl":"https:\/\/hotelvenatus.hu\/wp-content\/uploads\/2025\/06\/hotelvenatus-logo.png","width":761,"height":348,"caption":"HotelVenatus.hu"},"image":{"@id":"https:\/\/hotelvenatus.hu\/#\/schema\/logo\/image\/"},"sameAs":["https:\/\/www.facebook.com\/share\/1VVt9JMT7f\/","https:\/\/www.instagram.com\/hotel_venatus\/"]}]}},"_links":{"self":[{"href":"https:\/\/hotelvenatus.hu\/de\/wp-json\/wp\/v2\/pages\/1726","targetHints":{"allow":["GET"]}}],"collection":[{"href":"https:\/\/hotelvenatus.hu\/de\/wp-json\/wp\/v2\/pages"}],"about":[{"href":"https:\/\/hotelvenatus.hu\/de\/wp-json\/wp\/v2\/types\/page"}],"author":[{"embeddable":true,"href":"https:\/\/hotelvenatus.hu\/de\/wp-json\/wp\/v2\/users\/1"}],"replies":[{"embeddable":true,"href":"https:\/\/hotelvenatus.hu\/de\/wp-json\/wp\/v2\/comments?post=1726"}],"version-history":[{"count":19,"href":"https:\/\/hotelvenatus.hu\/de\/wp-json\/wp\/v2\/pages\/1726\/revisions"}],"predecessor-version":[{"id":2074,"href":"https:\/\/hotelvenatus.hu\/de\/wp-json\/wp\/v2\/pages\/1726\/revisions\/2074"}],"wp:featuredmedia":[{"embeddable":true,"href":"https:\/\/hotelvenatus.hu\/de\/wp-json\/wp\/v2\/media\/1704"}],"wp:attachment":[{"href":"https:\/\/hotelvenatus.hu\/de\/wp-json\/wp\/v2\/media?parent=1726"}],"curies":[{"name":"wp","href":"https:\/\/api.w.org\/{rel}","templated":true}]}}